{"id":888,"date":"2021-07-23T11:54:25","date_gmt":"2021-07-23T11:54:25","guid":{"rendered":"https:\/\/www.iedcompany.com\/inicio\/"},"modified":"2024-05-22T11:19:03","modified_gmt":"2024-05-22T11:19:03","slug":"home","status":"publish","type":"page","link":"https:\/\/www.iedcompany.com\/en\/","title":{"rendered":"Home"},"content":{"rendered":"\t\t<div data-elementor-type=\"wp-page\" data-elementor-id=\"888\" class=\"elementor elementor-888 elementor-8\">\n\t\t\t\t<div class=\"elementor-element elementor-element-c7e996a e-grid e-con-boxed e-con e-parent\" data-id=\"c7e996a\" data-element_type=\"container\" data-e-type=\"container\">\n\t\t\t\t\t<div class=\"e-con-inner\">\n\t\t\t\t<div class=\"elementor-element elementor-element-69e9cad elementor-widget elementor-widget-text-editor\" data-id=\"69e9cad\" data-element_type=\"widget\" data-e-type=\"widget\" data-widget_type=\"text-editor.default\">\n\t\t\t\t<div class=\"elementor-widget-container\">\n\t\t\t\t\t\t\t\t\t<p>IED Company was founded in the early 1990s in the town of Aizo\u00e1in (Navarra) with the aim of providing the industry with electronic products tailored to the specific needs of each segment. Leveraging our engineering department with over 40 years of experience, we have developed high-quality electronic solutions for the most demanding clients.<\/p>\n\n<strong>Comprehensive development in electronic solutions for various industrial sectors<\/strong>\n\n<p>At IED Company, we specialize in developing electronic solutions that address a wide range of needs across almost every industrial sector, including wind energy, solar energy, agriculture, electric tools, electric mobility, industrial automation, automotive auxiliary machinery, rural electrification, among others.<\/p>\n\n<p>We professionally develop in the field of electronic circuit design, production, and assembly, as well as component management for all sectors, including their marketing and after-sales service.<\/p>\n\n<p>Our range of products is broad and versatile. IED Company&#8217;s product portfolio includes control devices, sensors, actuators, monitoring systems, and more. Our solutions are designed to improve efficiency, safety, and productivity in all types of environments, from controlled to hostile.<\/p>\n\nSome of our flagship products include:\n<ul>\n \t<li>SAFE-OM: Integrated lighting and safety system for the interior of wind turbines.<\/li>\n \t<li>SAG: Wind speed sensor with audible and visual alarm.<\/li>\n \t<li>Irrigation programmer: Wireless system for the agricultural sector.<\/li>\n \t<li>STUC: Robust solar tracking system.<\/li>\n<\/ul>\n\n<strong>Collaboration and adaptation to each client&#8217;s needs<\/strong>\n\n<p>Our focus on innovation drives us to stay at the forefront of technology, constantly incorporating new ideas and advances into our products. We work closely with our clients to understand their specific needs and challenges, allowing us to develop customized solutions that fit their requirements perfectly. We are constantly integrating new ideas and advances into our products, keeping pace with the rapid evolution of technology.<\/p>\n\n<p> We have a team composed of highly qualified personnel, which is currently experiencing sustained and solid growth, both geographically and industrially diversified, with a clear commitment to technology, sustainability, and quality.<\/p>\n\n\n<strong>Leadership in innovation and vision for tomorrow<\/strong>\n\n\n<p>The company&#8217;s focus is on employing new technologies to develop innovative products and attempting to introduce them into markets that tend towards commoditization and globalization.<\/p>\n\n\n<p>Precision engineering and design combine to offer products that not only meet the most demanding standards but also anticipate future needs. At IED Company, we work for the industry that wants to face the new challenges arising from artificial intelligence, robotics, and digitization. With a solid foundation in engineering tradition and a forward-looking perspective, we are prepared to continue leading the way towards a more connected, efficient, and secure world.<\/p>\n\n\n<p>Through the corporate R&amp;D unit, we acquire and develop knowledge about the technologies that will shape the near future. This unit, which maintains close collaboration with universities, technological centers, and other companies, is the origin of all subsequently developed products.<\/p>\t\t\t\t\t\t\t\t<\/div>\n\t\t\t\t<\/div>\n\t\t\t\t\t<\/div>\n\t\t\t\t<\/div>\n\t\t\t\t<\/div>\n\t\t","protected":false},"excerpt":{"rendered":"<p>IED Company was founded in the early 1990s in the [&hellip;]<\/p>\n","protected":false},"author":1,"featured_media":809,"parent":0,"menu_order":1,"comment_status":"closed","ping_status":"closed","template":"templates\/home.php","meta":{"_acf_changed":false,"footnotes":""},"class_list":["post-888","page","type-page","status-publish","has-post-thumbnail","hentry"],"acf":[],"yoast_head":"<!-- This site is optimized with the Yoast SEO plugin v27.3 - https:\/\/yoast.com\/product\/yoast-seo-wordpress\/ -->\n<title>Design and manufacturing of electronic solutions | IED Company<\/title>\n<meta name=\"description\" content=\"We provide exceptional sensing, control and monitoring expertise to the world. We convert challenges to solutions from AI, Robotics to Digitalization. Contact us!\" \/>\n<meta name=\"robots\" content=\"index, follow, max-snippet:-1, max-image-preview:large, max-video-preview:-1\" \/>\n<link rel=\"canonical\" href=\"https:\/\/www.iedcompany.com\/en\/\" \/>\n<meta property=\"og:locale\" content=\"en_US\" \/>\n<meta property=\"og:type\" content=\"article\" \/>\n<meta property=\"og:title\" content=\"IED Company &#8212; Dise\u00f1o y fabricaci\u00f3n de soluciones electr\u00f3nicas\" \/>\n<meta property=\"og:description\" content=\"Trabajamos para la industria que quiere afrontar los nuevos retos actuales derivados de la Inteligencia Artificial, la Rob\u00f3tica y la Digitalizaci\u00f3n.\" \/>\n<meta property=\"og:url\" content=\"https:\/\/www.iedcompany.com\/en\/\" \/>\n<meta property=\"og:site_name\" content=\"IED Company\" \/>\n<meta property=\"article:publisher\" content=\"https:\/\/www.facebook.com\/IED-112724477569457\" \/>\n<meta property=\"article:modified_time\" content=\"2024-05-22T11:19:03+00:00\" \/>\n<meta property=\"og:image\" content=\"https:\/\/www.iedcompany.com\/wp-content\/uploads\/2021\/10\/ied-noticia.jpg\" \/>\n\t<meta property=\"og:image:width\" content=\"600\" \/>\n\t<meta property=\"og:image:height\" content=\"400\" \/>\n\t<meta property=\"og:image:type\" content=\"image\/jpeg\" \/>\n<meta name=\"twitter:card\" content=\"summary_large_image\" \/>\n<meta name=\"twitter:title\" content=\"IED Company &#8212; Dise\u00f1o y fabricaci\u00f3n de soluciones electr\u00f3nicas\" \/>\n<meta name=\"twitter:description\" content=\"Trabajamos para la industria que quiere afrontar los nuevos retos actuales derivados de la Inteligencia Artificial, la Rob\u00f3tica y la Digitalizaci\u00f3n.\" \/>\n<meta name=\"twitter:image\" content=\"https:\/\/www.iedcompany.com\/wp-content\/uploads\/2021\/10\/ied-noticia.jpg\" \/>\n<meta name=\"twitter:site\" content=\"@IEDcompany\" \/>\n<meta name=\"twitter:label1\" content=\"Est. reading time\" \/>\n\t<meta name=\"twitter:data1\" content=\"1 minute\" \/>\n<script type=\"application\/ld+json\" class=\"yoast-schema-graph\">{\"@context\":\"https:\\\/\\\/schema.org\",\"@graph\":[{\"@type\":\"WebPage\",\"@id\":\"https:\\\/\\\/www.iedcompany.com\\\/en\\\/\",\"url\":\"https:\\\/\\\/www.iedcompany.com\\\/en\\\/\",\"name\":\"Design and manufacturing of electronic solutions | IED Company\",\"isPartOf\":{\"@id\":\"https:\\\/\\\/www.iedcompany.com\\\/en\\\/#website\"},\"primaryImageOfPage\":{\"@id\":\"https:\\\/\\\/www.iedcompany.com\\\/en\\\/#primaryimage\"},\"image\":{\"@id\":\"https:\\\/\\\/www.iedcompany.com\\\/en\\\/#primaryimage\"},\"thumbnailUrl\":\"https:\\\/\\\/www.iedcompany.com\\\/wp-content\\\/uploads\\\/2021\\\/10\\\/ied-noticia.jpg\",\"datePublished\":\"2021-07-23T11:54:25+00:00\",\"dateModified\":\"2024-05-22T11:19:03+00:00\",\"description\":\"We provide exceptional sensing, control and monitoring expertise to the world. We convert challenges to solutions from AI, Robotics to Digitalization. Contact us!\",\"breadcrumb\":{\"@id\":\"https:\\\/\\\/www.iedcompany.com\\\/en\\\/#breadcrumb\"},\"inLanguage\":\"en-US\",\"potentialAction\":[{\"@type\":\"ReadAction\",\"target\":[\"https:\\\/\\\/www.iedcompany.com\\\/en\\\/\"]}]},{\"@type\":\"ImageObject\",\"inLanguage\":\"en-US\",\"@id\":\"https:\\\/\\\/www.iedcompany.com\\\/en\\\/#primaryimage\",\"url\":\"https:\\\/\\\/www.iedcompany.com\\\/wp-content\\\/uploads\\\/2021\\\/10\\\/ied-noticia.jpg\",\"contentUrl\":\"https:\\\/\\\/www.iedcompany.com\\\/wp-content\\\/uploads\\\/2021\\\/10\\\/ied-noticia.jpg\",\"width\":600,\"height\":400,\"caption\":\"IED Company\"},{\"@type\":\"BreadcrumbList\",\"@id\":\"https:\\\/\\\/www.iedcompany.com\\\/en\\\/#breadcrumb\",\"itemListElement\":[{\"@type\":\"ListItem\",\"position\":1,\"name\":\"Home\",\"item\":\"https:\\\/\\\/www.iedcompany.com\\\/en\\\/\"},{\"@type\":\"ListItem\",\"position\":2,\"name\":\"Home\"}]},{\"@type\":\"WebSite\",\"@id\":\"https:\\\/\\\/www.iedcompany.com\\\/en\\\/#website\",\"url\":\"https:\\\/\\\/www.iedcompany.com\\\/en\\\/\",\"name\":\"IED Company\",\"description\":\"Design and manufacture of electronic solutions for industries that are stepping ahead into the future\",\"publisher\":{\"@id\":\"https:\\\/\\\/www.iedcompany.com\\\/en\\\/#organization\"},\"potentialAction\":[{\"@type\":\"SearchAction\",\"target\":{\"@type\":\"EntryPoint\",\"urlTemplate\":\"https:\\\/\\\/www.iedcompany.com\\\/en\\\/?s={search_term_string}\"},\"query-input\":{\"@type\":\"PropertyValueSpecification\",\"valueRequired\":true,\"valueName\":\"search_term_string\"}}],\"inLanguage\":\"en-US\"},{\"@type\":\"Organization\",\"@id\":\"https:\\\/\\\/www.iedcompany.com\\\/en\\\/#organization\",\"name\":\"IED Company\",\"url\":\"https:\\\/\\\/www.iedcompany.com\\\/en\\\/\",\"logo\":{\"@type\":\"ImageObject\",\"inLanguage\":\"en-US\",\"@id\":\"https:\\\/\\\/www.iedcompany.com\\\/en\\\/#\\\/schema\\\/logo\\\/image\\\/\",\"url\":\"https:\\\/\\\/www.iedcompany.com\\\/wp-content\\\/uploads\\\/2021\\\/10\\\/logo.png\",\"contentUrl\":\"https:\\\/\\\/www.iedcompany.com\\\/wp-content\\\/uploads\\\/2021\\\/10\\\/logo.png\",\"width\":360,\"height\":255,\"caption\":\"IED Company\"},\"image\":{\"@id\":\"https:\\\/\\\/www.iedcompany.com\\\/en\\\/#\\\/schema\\\/logo\\\/image\\\/\"},\"sameAs\":[\"https:\\\/\\\/www.facebook.com\\\/IED-112724477569457\",\"https:\\\/\\\/x.com\\\/IEDcompany\",\"https:\\\/\\\/www.instagram.com\\\/iedcompany\\\/\",\"https:\\\/\\\/www.linkedin.com\\\/company\\\/iedcompany\\\/\"]}]}<\/script>\n<!-- \/ Yoast SEO plugin. -->","yoast_head_json":{"title":"Design and manufacturing of electronic solutions | IED Company","description":"We provide exceptional sensing, control and monitoring expertise to the world. We convert challenges to solutions from AI, Robotics to Digitalization. Contact us!","robots":{"index":"index","follow":"follow","max-snippet":"max-snippet:-1","max-image-preview":"max-image-preview:large","max-video-preview":"max-video-preview:-1"},"canonical":"https:\/\/www.iedcompany.com\/en\/","og_locale":"en_US","og_type":"article","og_title":"IED Company &#8212; Dise\u00f1o y fabricaci\u00f3n de soluciones electr\u00f3nicas","og_description":"Trabajamos para la industria que quiere afrontar los nuevos retos actuales derivados de la Inteligencia Artificial, la Rob\u00f3tica y la Digitalizaci\u00f3n.","og_url":"https:\/\/www.iedcompany.com\/en\/","og_site_name":"IED Company","article_publisher":"https:\/\/www.facebook.com\/IED-112724477569457","article_modified_time":"2024-05-22T11:19:03+00:00","og_image":[{"width":600,"height":400,"url":"https:\/\/www.iedcompany.com\/wp-content\/uploads\/2021\/10\/ied-noticia.jpg","type":"image\/jpeg"}],"twitter_card":"summary_large_image","twitter_title":"IED Company &#8212; Dise\u00f1o y fabricaci\u00f3n de soluciones electr\u00f3nicas","twitter_description":"Trabajamos para la industria que quiere afrontar los nuevos retos actuales derivados de la Inteligencia Artificial, la Rob\u00f3tica y la Digitalizaci\u00f3n.","twitter_image":"https:\/\/www.iedcompany.com\/wp-content\/uploads\/2021\/10\/ied-noticia.jpg","twitter_site":"@IEDcompany","twitter_misc":{"Est. reading time":"1 minute"},"schema":{"@context":"https:\/\/schema.org","@graph":[{"@type":"WebPage","@id":"https:\/\/www.iedcompany.com\/en\/","url":"https:\/\/www.iedcompany.com\/en\/","name":"Design and manufacturing of electronic solutions | IED Company","isPartOf":{"@id":"https:\/\/www.iedcompany.com\/en\/#website"},"primaryImageOfPage":{"@id":"https:\/\/www.iedcompany.com\/en\/#primaryimage"},"image":{"@id":"https:\/\/www.iedcompany.com\/en\/#primaryimage"},"thumbnailUrl":"https:\/\/www.iedcompany.com\/wp-content\/uploads\/2021\/10\/ied-noticia.jpg","datePublished":"2021-07-23T11:54:25+00:00","dateModified":"2024-05-22T11:19:03+00:00","description":"We provide exceptional sensing, control and monitoring expertise to the world. We convert challenges to solutions from AI, Robotics to Digitalization. Contact us!","breadcrumb":{"@id":"https:\/\/www.iedcompany.com\/en\/#breadcrumb"},"inLanguage":"en-US","potentialAction":[{"@type":"ReadAction","target":["https:\/\/www.iedcompany.com\/en\/"]}]},{"@type":"ImageObject","inLanguage":"en-US","@id":"https:\/\/www.iedcompany.com\/en\/#primaryimage","url":"https:\/\/www.iedcompany.com\/wp-content\/uploads\/2021\/10\/ied-noticia.jpg","contentUrl":"https:\/\/www.iedcompany.com\/wp-content\/uploads\/2021\/10\/ied-noticia.jpg","width":600,"height":400,"caption":"IED Company"},{"@type":"BreadcrumbList","@id":"https:\/\/www.iedcompany.com\/en\/#breadcrumb","itemListElement":[{"@type":"ListItem","position":1,"name":"Home","item":"https:\/\/www.iedcompany.com\/en\/"},{"@type":"ListItem","position":2,"name":"Home"}]},{"@type":"WebSite","@id":"https:\/\/www.iedcompany.com\/en\/#website","url":"https:\/\/www.iedcompany.com\/en\/","name":"IED Company","description":"Design and manufacture of electronic solutions for industries that are stepping ahead into the future","publisher":{"@id":"https:\/\/www.iedcompany.com\/en\/#organization"},"potentialAction":[{"@type":"SearchAction","target":{"@type":"EntryPoint","urlTemplate":"https:\/\/www.iedcompany.com\/en\/?s={search_term_string}"},"query-input":{"@type":"PropertyValueSpecification","valueRequired":true,"valueName":"search_term_string"}}],"inLanguage":"en-US"},{"@type":"Organization","@id":"https:\/\/www.iedcompany.com\/en\/#organization","name":"IED Company","url":"https:\/\/www.iedcompany.com\/en\/","logo":{"@type":"ImageObject","inLanguage":"en-US","@id":"https:\/\/www.iedcompany.com\/en\/#\/schema\/logo\/image\/","url":"https:\/\/www.iedcompany.com\/wp-content\/uploads\/2021\/10\/logo.png","contentUrl":"https:\/\/www.iedcompany.com\/wp-content\/uploads\/2021\/10\/logo.png","width":360,"height":255,"caption":"IED Company"},"image":{"@id":"https:\/\/www.iedcompany.com\/en\/#\/schema\/logo\/image\/"},"sameAs":["https:\/\/www.facebook.com\/IED-112724477569457","https:\/\/x.com\/IEDcompany","https:\/\/www.instagram.com\/iedcompany\/","https:\/\/www.linkedin.com\/company\/iedcompany\/"]}]}},"_links":{"self":[{"href":"https:\/\/www.iedcompany.com\/en\/wp-json\/wp\/v2\/pages\/888","targetHints":{"allow":["GET"]}}],"collection":[{"href":"https:\/\/www.iedcompany.com\/en\/wp-json\/wp\/v2\/pages"}],"about":[{"href":"https:\/\/www.iedcompany.com\/en\/wp-json\/wp\/v2\/types\/page"}],"author":[{"embeddable":true,"href":"https:\/\/www.iedcompany.com\/en\/wp-json\/wp\/v2\/users\/1"}],"replies":[{"embeddable":true,"href":"https:\/\/www.iedcompany.com\/en\/wp-json\/wp\/v2\/comments?post=888"}],"version-history":[{"count":4,"href":"https:\/\/www.iedcompany.com\/en\/wp-json\/wp\/v2\/pages\/888\/revisions"}],"predecessor-version":[{"id":3050,"href":"https:\/\/www.iedcompany.com\/en\/wp-json\/wp\/v2\/pages\/888\/revisions\/3050"}],"wp:featuredmedia":[{"embeddable":true,"href":"https:\/\/www.iedcompany.com\/en\/wp-json\/wp\/v2\/media\/809"}],"wp:attachment":[{"href":"https:\/\/www.iedcompany.com\/en\/wp-json\/wp\/v2\/media?parent=888"}],"curies":[{"name":"wp","href":"https:\/\/api.w.org\/{rel}","templated":true}]}}